{"id":4027,"date":"2021-01-30T18:26:04","date_gmt":"2021-01-30T17:26:04","guid":{"rendered":"https:\/\/magon.es\/politica-cookies\/"},"modified":"2022-04-05T14:06:15","modified_gmt":"2022-04-05T12:06:15","slug":"politique-de-cookies","status":"publish","type":"page","link":"https:\/\/magon.es\/fr\/politique-de-cookies\/","title":{"rendered":"Politique de cookies"},"content":{"rendered":"[vc_row type=\u00a0\u00bbin_container\u00a0\u00bb full_screen_row_position=\u00a0\u00bbmiddle\u00a0\u00bb column_margin=\u00a0\u00bbdefault\u00a0\u00bb column_direction=\u00a0\u00bbdefault\u00a0\u00bb column_direction_tablet=\u00a0\u00bbdefault\u00a0\u00bb column_direction_phone=\u00a0\u00bbdefault\u00a0\u00bb scene_position=\u00a0\u00bbcenter\u00a0\u00bb top_padding=\u00a0\u00bb50&Prime; bottom_padding=\u00a0\u00bb50&Prime; text_color=\u00a0\u00bbdark\u00a0\u00bb text_align=\u00a0\u00bbleft\u00a0\u00bb row_border_radius=\u00a0\u00bbnone\u00a0\u00bb row_border_radius_applies=\u00a0\u00bbbg\u00a0\u00bb overlay_strength=\u00a0\u00bb0.3&Prime; gradient_direction=\u00a0\u00bbleft_to_right\u00a0\u00bb shape_divider_position=\u00a0\u00bbbottom\u00a0\u00bb bg_image_animation=\u00a0\u00bbnone\u00a0\u00bb shape_type=\u00a0\u00bb\u00a0\u00bb][vc_column column_padding=\u00a0\u00bbno-extra-padding\u00a0\u00bb column_padding_tablet=\u00a0\u00bbinherit\u00a0\u00bb column_padding_phone=\u00a0\u00bbinherit\u00a0\u00bb column_padding_position=\u00a0\u00bball\u00a0\u00bb column_element_spacing=\u00a0\u00bbdefault\u00a0\u00bb background_color_opacity=\u00a0\u00bb1&Prime; background_hover_color_opacity=\u00a0\u00bb1&Prime; column_shadow=\u00a0\u00bbnone\u00a0\u00bb column_border_radius=\u00a0\u00bbnone\u00a0\u00bb column_link_target=\u00a0\u00bb_self\u00a0\u00bb gradient_direction=\u00a0\u00bbleft_to_right\u00a0\u00bb overlay_strength=\u00a0\u00bb0.3&Prime; width=\u00a0\u00bb1\/1&Prime; tablet_width_inherit=\u00a0\u00bbdefault\u00a0\u00bb tablet_text_alignment=\u00a0\u00bbdefault\u00a0\u00bb phone_text_alignment=\u00a0\u00bbdefault\u00a0\u00bb bg_image_animation=\u00a0\u00bbnone\u00a0\u00bb border_type=\u00a0\u00bbsimple\u00a0\u00bb column_border_width=\u00a0\u00bbnone\u00a0\u00bb column_border_style=\u00a0\u00bbsolid\u00a0\u00bb][vc_column_text]\n<h2>Politique de cookies<\/h2>\n<p class=\"p2\"><span class=\"s1\"><span class=\"Apple-converted-space\">\u00a0<\/span><\/span>Sur le site Web <a href=\"https:\/\/magon.es\">https:\/\/magon.es<\/a>\/ (ci-apr\u00e8s le Site Web), nous utilisons des cookies pour faciliter la relation des visiteurs avec nos contenus et permettre l\u2019\u00e9laboration de statistiques sur les visiteurs que nous recevons.<span class=\"Apple-converted-space\">\u00a0<\/span><\/p>\n<p class=\"p2\">Nous vous informons que nous pouvons utiliser les cookies dans le but de faciliter votre navigation sur le Site Web, de vous diff\u00e9rencier des autres utilisateurs, de vous offrir une meilleure exp\u00e9rience d\u2019utilisation, et d\u2019identifier les probl\u00e8mes afin d\u2019am\u00e9liorer notre Site Web. De m\u00eame, avec votre consentement, nous utiliserons des cookies afin d\u2019obtenir plus d\u2019informations relatives \u00e0 vos pr\u00e9f\u00e9rences et personnaliser notre Site Web selon vos propres int\u00e9r\u00eats.<span class=\"Apple-converted-space\">\u00a0<\/span><\/p>\n<p class=\"p2\"><strong>Que sont les cookies ?<span class=\"Apple-converted-space\">\u00a0<\/span><\/strong><\/p>\n<p class=\"p2\">Les cookies sont de petits fichiers qui s\u2019enregistrent sur le navigateur utilis\u00e9 par chaque visiteur de notre site Web pour que le serveur puisse se souvenir ult\u00e9rieurement de la visite de l\u2019utilisateur en question lorsqu\u2019il acc\u00e8de \u00e0 nouveau \u00e0 nos contenus. Ces informations ne r\u00e9v\u00e8lent pas votre identit\u00e9, ni vos donn\u00e9es personnelles, elles n\u2019acc\u00e8dent pas au contenu stock\u00e9 sur votre PC, mais elles permettent \u00e0 notre syst\u00e8me de vous identifier en tant qu\u2019utilisateur sp\u00e9cifique ayant d\u00e9j\u00e0 visit\u00e9 le site Web, consult\u00e9 des pages sp\u00e9cifiques, etc. Elles permettent en outre de conserver vos pr\u00e9f\u00e9rences personnelles et les informations techniques, par exemple les visites effectu\u00e9es ou les pages que vous avez effectivement consult\u00e9es.<span class=\"Apple-converted-space\">\u00a0<\/span><\/p>\n<p class=\"p2\">Conform\u00e9ment \u00e0 la Directive 2009\/136\/CE, pr\u00e9vue dans notre r\u00e8glementation par le deuxi\u00e8me paragraphe de l\u2019article 22 de la loi sur les services de la soci\u00e9t\u00e9 de l\u2019information, selon les directives de l\u2019Agence espagnole de protection des donn\u00e9es, nous vous informons de mani\u00e8re d\u00e9taill\u00e9e de l\u2019utilisation faite sur notre site Web.<span class=\"Apple-converted-space\">\u00a0<\/span><\/p>\n<p class=\"p2\">La pr\u00e9sente politique de cookies est destin\u00e9e \u00e0 vous informer de mani\u00e8re claire et pr\u00e9cise sur les cookies utilis\u00e9s sur notre Site Web (la \u00ab Politique de cookies \u00bb). Concernant les cookies de tiers, c\u2019est-\u00e0-dire ceux qui sont externes \u00e0 notre site Web, nous ne pouvons pas \u00eatre tenus responsables du contenu et de l\u2019authenticit\u00e9 des politiques de confidentialit\u00e9 inclues. En effet, les informations que nous vous proposons font toujours r\u00e9f\u00e9rence \u00e0 la source.<span class=\"Apple-converted-space\">\u00a0<\/span><\/p>\n<p class=\"p2\">Vous trouverez ci-dessous une classification des cookies en fonction d\u2019une s\u00e9rie de cat\u00e9gories.<span class=\"Apple-converted-space\">\u00a0<\/span><\/p>\n<p class=\"p2\">Il est cependant n\u00e9cessaire de tenir compte du fait qu\u2019un m\u00eame cookie peut \u00eatre inclus dans plusieurs cat\u00e9gories.<span class=\"Apple-converted-space\">\u00a0<\/span><\/p>\n<p class=\"p2\"><strong>Types de cookies en fonction de l\u2019entit\u00e9 qui les g\u00e8re<span class=\"Apple-converted-space\">\u00a0<\/span><\/strong><\/p>\n<p class=\"p2\"><span class=\"s2\">&#8211; <\/span>Les cookies internes : ce sont ceux qui sont envoy\u00e9s vers le terminal de l\u2019utilisateur depuis un \u00e9quipement ou un domaine g\u00e9r\u00e9 par l\u2019\u00e9diteur lui-m\u00eame et depuis lequel le service demand\u00e9 par l\u2019utilisateur est fourni.<span class=\"Apple-converted-space\">\u00a0<\/span><\/p>\n<p class=\"p2\"><span class=\"s2\">&#8211; <\/span>Cookies de tiers : ce sont ceux qui sont envoy\u00e9s vers le terminal de l\u2019utilisateur depuis un \u00e9quipement ou un domaine non g\u00e9r\u00e9 par l\u2019\u00e9diteur, mais par une autre entit\u00e9 qui traite les donn\u00e9es.<span class=\"Apple-converted-space\">\u00a0<\/span><\/p>\n<p class=\"p2\">Types de cookies en fonction de la dur\u00e9e pendant laquelle ils restent actifs<span class=\"Apple-converted-space\">\u00a0<\/span><\/p>\n<p class=\"p2\"><span class=\"s2\">&#8211; <\/span>Les cookies de session : il s\u2019agit d\u2019un type de cookies con\u00e7us pour collecter et stocker des donn\u00e9es tandis que l\u2019utilisateur acc\u00e8de \u00e0 un site Web.<span class=\"Apple-converted-space\">\u00a0<\/span><\/p>\n<p class=\"p2\"><span class=\"s2\">&#8211; <\/span>Les cookies persistants : il s\u2019agit d\u2019un type de cookies dans lesquels les donn\u00e9es restent stock\u00e9es sur le terminal et peuvent \u00eatre consult\u00e9es et trait\u00e9es pendant une p\u00e9riode d\u00e9finie par le responsable du cookie, dur\u00e9e qui peut varier de quelques minutes \u00e0 plusieurs ann\u00e9es.<span class=\"Apple-converted-space\">\u00a0<\/span><\/p>\n<p class=\"p1\"><strong>Types de cookies en fonction de leur finalit\u00e9<span class=\"Apple-converted-space\">\u00a0<\/span><\/strong><\/p>\n<p class=\"p1\"><span class=\"s1\">&#8211; <\/span>Cookies techniques : ce sont ceux qui permettent \u00e0 l\u2019utilisateur de naviguer sur un site Web, une plateforme ou une application, et d\u2019utiliser les diff\u00e9rentes options ou les diff\u00e9rents services propos\u00e9s, par exemple contr\u00f4ler le trafic et la communication des donn\u00e9es, identifier la session, acc\u00e9der \u00e0 une partie de l\u2019acc\u00e8s restreint, enregistrer les \u00e9l\u00e9ments concernant une commande, r\u00e9aliser le processus d\u2019achat d\u2019une commande, r\u00e9aliser la demande d\u2019inscription ou de participation \u00e0 un \u00e9v\u00e9nement, utiliser des \u00e9l\u00e9ments de s\u00e9curit\u00e9 durant la navigation, stocker des contenus pour la diffusion de vid\u00e9os ou de sons, ou partager des contenus sur les r\u00e9seaux sociaux.<span class=\"Apple-converted-space\">\u00a0<\/span><\/p>\n<p class=\"p1\"><span class=\"s1\">\u2013 <\/span>Cookies de personnalisation :<span class=\"Apple-converted-space\">\u00a0<\/span><\/p>\n<p class=\"p1\">ce sont ceux qui permettent \u00e0 l\u2019utilisateur d\u2019acc\u00e9der au service avec certaines caract\u00e9ristiques g\u00e9n\u00e9rales pr\u00e9d\u00e9finies en fonction d\u2019une s\u00e9rie de crit\u00e8res sur le terminal de l\u2019utilisateur comme par exemple la langue, le type de navigateur \u00e0 travers lequel on acc\u00e8de au service, la configuration r\u00e9gionale depuis laquelle on acc\u00e8de au service, etc.<span class=\"Apple-converted-space\">\u00a0<\/span><\/p>\n<p class=\"p1\"><span class=\"s1\">\u2013 <\/span>Cookies publicitaires :<span class=\"Apple-converted-space\">\u00a0<\/span><\/p>\n<p class=\"p1\">ce sont ceux qui permettent la gestion, de la mani\u00e8re la plus efficace possible, des espaces publicitaires que, le cas \u00e9ch\u00e9ant, l\u2019\u00e9diteur a inclus sur un site Web, une application ou une plateforme depuis lesquels est fourni le service demand\u00e9 en fonction de crit\u00e8res comme le contenu \u00e9dit\u00e9 ou la fr\u00e9quence \u00e0 laquelle apparaissent les annonces.<span class=\"Apple-converted-space\">\u00a0<\/span><\/p>\n<p class=\"p1\"><span class=\"s1\">&#8211; <\/span>Cookies de publicit\u00e9 comportementale : ce sont ceux qui permettent la gestion, de la mani\u00e8re la plus efficace possible, des espaces publicitaires que, le cas \u00e9ch\u00e9ant, l\u2019\u00e9diteur a inclus sur un site Web, une application ou une plateforme depuis laquelle est fourni le service demand\u00e9. Ces cookies stockent des informations comportementales concernant les utilisateurs, obtenues en observant de mani\u00e8re continue leurs habitudes de navigation, ce qui aide \u00e0 concevoir un profil sp\u00e9cifique afin de montrer des publicit\u00e9s en fonction de ce comportement.<span class=\"Apple-converted-space\">\u00a0<\/span><\/p>\n<p class=\"p1\"><span class=\"s1\">&#8211; <\/span>Les cookies d\u2019analyse : ce sont ceux qui permettent au responsable de ces cookies d\u2019effectuer le suivi et l\u2019analyse du comportement des utilisateurs des sites Web auxquels ils sont li\u00e9s. Les informations collect\u00e9es via ce type de cookies sont utilis\u00e9es pour mesurer l\u2019activit\u00e9 des sites Web, des applications ou des plateformes, et pour \u00e9laborer les profils de navigation des utilisateurs de ces sites, applications et plateformes, afin d\u2019apporter des am\u00e9liorations en fonction de l\u2019analyse des donn\u00e9es relatives \u00e0 l\u2019utilisation du service par les utilisateurs.<span class=\"Apple-converted-space\">\u00a0<\/span><\/p>\n<p class=\"p1\">Concernant le traitement des donn\u00e9es collect\u00e9es via les cookies d\u2019analyse, m\u00eame si un consentement \u00e9clair\u00e9 doit \u00eatre obtenu pour leur utilisation, il est peu probable qu\u2019ils repr\u00e9sentent un risque pour la vie priv\u00e9e des utilisateurs \u00e0 condition qu\u2019il s\u2019agisse de cookies de premi\u00e8re partie qui traitent les donn\u00e9es collect\u00e9es \u00e0 des fins strictement statistiques, qu\u2019ils fournissent des informations sur votre utilisation et que les utilisateurs puissent s\u2019opposer \u00e0 leur utilisation.<span class=\"Apple-converted-space\">\u00a0<\/span><\/p>\n<p class=\"p1\">Actuellement, la plupart des navigateurs sont configur\u00e9s par d\u00e9faut pour bloquer l\u2019installation de cookies de publicit\u00e9 et de cookies tiers sur votre terminal. L\u2019utilisateur peut \u00e9tendre les restrictions de base, en emp\u00eachant l\u2019entr\u00e9e de tout type de cookies, ou supprimer ces restrictions, en acceptant l\u2019entr\u00e9e de tout type de cookies. Si vous souhaitez accepter les cookies de publicit\u00e9 ou de tiers, vous pourrez configurer votre navigateur \u00e0 cet effet.<span class=\"Apple-converted-space\">\u00a0<\/span><\/p>\n<p class=\"p1\">En cliquant sur le bouton ACCEPTER qui appara\u00eet dans les informations initiales sur les cookies, l\u2019utilisateur consent express\u00e9ment \u00e0 ce que le responsable utilise ses informations, tout en pouvant exercer ses droits et r\u00e9voquer son consentement \u00e0 tout moment, sur demande faite \u00e0 MAG\u00d3N S.A.<span class=\"Apple-converted-space\">\u00a0<\/span><\/p>\n<table class=\"t1\" cellspacing=\"0\" cellpadding=\"0\">\n<tbody>\n<tr>\n<td class=\"td1\" valign=\"top\">\n<p class=\"p1\">Vous trouverez ci-dessous le d\u00e9tail de tous les cookies susceptibles d\u2019\u00eatre install\u00e9s depuis notre site Web. L\u2019installation de tous les cookies ou d\u2019une partie d\u00e9pendra de votre navigation, de la configuration de votre navigateur et de l\u2019acceptation ou du refus de ceux-ci. Cookie<span class=\"Apple-converted-space\">\u00a0<\/span><\/p>\n<\/td>\n<td class=\"td1\" valign=\"top\">\n<p class=\"p1\">Finalit\u00e9<span class=\"Apple-converted-space\">\u00a0<\/span><\/p>\n<\/td>\n<td class=\"td1\" valign=\"top\">\n<p class=\"p1\">Types de donn\u00e9es<span class=\"Apple-converted-space\">\u00a0<\/span><\/p>\n<\/td>\n<td class=\"td1\" valign=\"top\">\n<p class=\"p1\">Persistant\/De session<span class=\"Apple-converted-space\">\u00a0<\/span><\/p>\n<\/td>\n<\/tr>\n<tr>\n<td class=\"td1\" valign=\"top\">\n<p class=\"p1\">Cookies utilis\u00e9s pour les activit\u00e9s de marketing personnalis\u00e9es et sp\u00e9cifiques<span class=\"Apple-converted-space\">\u00a0<\/span><\/p>\n<\/td>\n<td class=\"td1\" valign=\"top\">\n<p class=\"p1\">Ils sont utilis\u00e9s pour afficher des annonces en fonction de vos int\u00e9r\u00eats sur votre compte Facebook et Instagram, le cas \u00e9ch\u00e9ant, selon vos interactions avec notre site Web, pour nous permettre de publier des annonces, mesurer leur performance et les rendre plus pertinentes pour vous sur la base de crit\u00e8res comme votre activit\u00e9 sur Facebook et Instagram et vos visites sur notre site Web.<span class=\"Apple-converted-space\">\u00a0<\/span><\/p>\n<\/td>\n<td class=\"td1\" valign=\"top\">\n<p class=\"p1\">Adresse IP, identifiants de connexion et donn\u00e9es comportementales<span class=\"Apple-converted-space\">\u00a0<\/span><\/p>\n<\/td>\n<td class=\"td1\" valign=\"top\">\n<p class=\"p1\">Persistant<span class=\"Apple-converted-space\">\u00a0<\/span><\/p>\n<\/td>\n<\/tr>\n<tr>\n<td class=\"td1\" valign=\"top\">\n<p class=\"p1\">Remarketing de Google Adwords (Cookie de tiers)<span class=\"Apple-converted-space\">\u00a0<\/span><\/p>\n<\/td>\n<td class=\"td1\" valign=\"top\">\n<p class=\"p1\">Ils sont utilis\u00e9s pour afficher des annonces en fonction de vos int\u00e9r\u00eats sur les sites Web de Google et les sites Web associ\u00e9s de Google, le cas \u00e9ch\u00e9ant, selon vos interactions avec notre site Web, comme l\u2019enregistrement de vos recherches les plus r\u00e9centes, vos interactions ant\u00e9rieures avec nos annonces ou les r\u00e9sultats de recherche et vos visites sur notre site Web.<span class=\"Apple-converted-space\">\u00a0<\/span><\/p>\n<\/td>\n<td class=\"td1\" valign=\"top\">\n<p class=\"p1\">Adresse IP, identifiants de connexion et donn\u00e9es comportementales<span class=\"Apple-converted-space\">\u00a0<\/span><\/p>\n<\/td>\n<td class=\"td1\" valign=\"top\">\n<p class=\"p1\">Persistant<span class=\"Apple-converted-space\">\u00a0<\/span><\/p>\n<\/td>\n<\/tr>\n<tr>\n<td class=\"td1\" valign=\"top\">\n<p class=\"p1\">Leed Feeder (Cookie de tiers)<span class=\"Apple-converted-space\">\u00a0<\/span><\/p>\n<\/td>\n<td class=\"td1\" valign=\"top\">\n<p class=\"p1\">Leed Feeder installera des cookies pour identifier les entreprises qui ont visit\u00e9 notre site Web via Google Analytics et qui seront probablement int\u00e9ress\u00e9es par nos produits et services, nous permettant ainsi d\u2019envoyer des offres aux contacts pertinents de cette entreprise, que nous jugeons susceptibles de les int\u00e9resser.<span class=\"Apple-converted-space\">\u00a0<\/span><\/p>\n<\/td>\n<td class=\"td1\" valign=\"top\">\n<p class=\"p1\">Adresse IP, URL et donn\u00e9es comportementales<span class=\"Apple-converted-space\">\u00a0<\/span><\/p>\n<\/td>\n<td class=\"td1\" valign=\"top\">\n<p class=\"p1\">Persistant<span class=\"Apple-converted-space\">\u00a0<\/span><\/p>\n<\/td>\n<\/tr>\n<tr>\n<td class=\"td1\" valign=\"top\">\n<p class=\"p1\">\u00c9tiquette d\u2019information de LinkedIn<span class=\"Apple-converted-space\">\u00a0<\/span><\/p>\n<p class=\"p1\">(Cookie de tiers)<span class=\"Apple-converted-space\">\u00a0<\/span><\/p>\n<\/td>\n<td class=\"td1\" valign=\"top\">\n<p class=\"p1\">Ils sont utilis\u00e9s pour afficher des annonces en fonction de vos int\u00e9r\u00eats sur votre compte LinkedIn, le cas \u00e9ch\u00e9ant, selon vos interactions avec notre site Web, pour nous permettre de publier des annonces, mesurer leur performance et les rendre plus pertinentes pour vous sur la base de crit\u00e8res comme votre activit\u00e9 sur LinkedIn et vos visites sur notre site Web..<span class=\"Apple-converted-space\">\u00a0<\/span><\/p>\n<\/td>\n<td class=\"td1\" valign=\"top\">\n<p class=\"p1\">Adresse IP, identifiants de connexion et donn\u00e9es comportementales<span class=\"Apple-converted-space\">\u00a0<\/span><\/p>\n<\/td>\n<td class=\"td1\" valign=\"top\">\n<p class=\"p1\">Persistant<span class=\"Apple-converted-space\">\u00a0<\/span><\/p>\n<\/td>\n<\/tr>\n<tr>\n<td class=\"td1\" valign=\"top\">\n<p class=\"p1\">Administrateur d\u2019annonces sur Pinterest (Cookie de tiers)<span class=\"Apple-converted-space\">\u00a0<\/span><\/p>\n<\/td>\n<td class=\"td1\" valign=\"top\">\n<p class=\"p1\">Ils sont utilis\u00e9s pour afficher des annonces en fonction de vos int\u00e9r\u00eats sur votre compte Pinterest, le cas \u00e9ch\u00e9ant, selon vos interactions avec notre site Web, pour nous permettre de publier des annonces, mesurer leur performance et les rendre plus pertinentes pour vous sur la base de crit\u00e8res comme votre activit\u00e9 sur Pinterest et vos visites sur notre site Web..<span class=\"Apple-converted-space\">\u00a0<\/span><\/p>\n<\/td>\n<td class=\"td1\" valign=\"top\">\n<p class=\"p1\">Adresse IP, identifiants de connexion et donn\u00e9es comportementales<span class=\"Apple-converted-space\">\u00a0<\/span><\/p>\n<\/td>\n<td class=\"td1\" valign=\"top\">\n<p class=\"p1\">Persistant<span class=\"Apple-converted-space\">\u00a0<\/span><\/p>\n<\/td>\n<\/tr>\n<\/tbody>\n<\/table>\n<p>&nbsp;<\/p>\n<p class=\"p1\">Nous sommes susceptibles de mettre \u00e0 jour la Politique de cookies de notre Site Web. C\u2019est pourquoi nous vous recommandons de consulter cette politique chaque fois que vous acc\u00e9dez \u00e0 notre Site Web afin d\u2019\u00eatre parfaitement inform\u00e9s de la mani\u00e8re et de la raison pour laquelle nous utilisons les cookies.<span class=\"Apple-converted-space\">\u00a0<\/span><\/p>\n<p class=\"p1\">Le but des cookies est de permettre \u00e0 l\u2019Utilisateur d\u2019acc\u00e9der plus rapidement aux Services s\u00e9lectionn\u00e9s.<span class=\"Apple-converted-space\">\u00a0<\/span><\/p>\n<p class=\"p1\">Si vous ne souhaitez pas conserver les cookies sur votre navigateur ou si vous pr\u00e9f\u00e9rez recevoir des informations chaque fois qu\u2019un cookie demande \u00e0 \u00eatre install\u00e9, vous pouvez configurer les options de navigations pour qu\u2019il en soit ainsi. La plupart des navigateurs permettent de g\u00e9rer les cookies de 3 mani\u00e8res diff\u00e9rentes :<span class=\"Apple-converted-space\">\u00a0<\/span><\/p>\n<p class=\"p2\">\u2013 Les cookies sont toujours refus\u00e9s ;<span class=\"Apple-converted-space\">\u00a0<\/span><\/p>\n<p class=\"p2\">\u2013 Le navigateur demande si l\u2019utilisateur souhaite installer chaque cookie ;<span class=\"Apple-converted-space\">\u00a0<\/span><\/p>\n<p class=\"p1\"><span class=\"s1\">\u2013 <\/span>Les cookies sont toujours accept\u00e9s ;<span class=\"Apple-converted-space\">\u00a0<\/span><\/p>\n<p class=\"p1\">Votre navigateur peut \u00e9galement inclure la possibilit\u00e9 de s\u00e9lectionner individuellement les cookies que vous souhaitez installer sur votre ordinateur. Plus pr\u00e9cis\u00e9ment, l\u2019utilisateur peut normalement accepter l\u2019une des options suivantes :<span class=\"Apple-converted-space\">\u00a0<\/span><\/p>\n<p class=\"p4\">\u2013 Refuser les cookies de domaines sp\u00e9cifiques ;<span class=\"Apple-converted-space\">\u00a0<\/span><\/p>\n<p class=\"p2\">\u2013 Refuser les cookies de tiers ;<span class=\"Apple-converted-space\">\u00a0<\/span><\/p>\n<p class=\"p2\">\u2013 &#8211; Accepter les cookies non persistants (ils sont supprim\u00e9s \u00e0 la fermeture du navigateur) ;<span class=\"Apple-converted-space\">\u00a0<\/span><\/p>\n<p class=\"p4\">\u2013 Permettre au serveur de cr\u00e9er des cookies pour un domaine diff\u00e9rent.<span class=\"Apple-converted-space\">\u00a0<\/span><\/p>\n<p class=\"p1\">Vous pouvez permettre, conna\u00eetre, bloquer ou supprimer les cookies install\u00e9s sur votre terminal via la configuration des options du navigateur install\u00e9 sur votre ordinateur.<span class=\"Apple-converted-space\">\u00a0<\/span><\/p>\n<p class=\"p1\">Vous trouverez des informations sur la mani\u00e8re de configurer les navigateurs les plus utilis\u00e9s dans les menus suivants :<span class=\"Apple-converted-space\">\u00a0<\/span><\/p>\n<p class=\"p6\"><span class=\"s1\">\u2022 <\/span><span style=\"text-decoration: underline;\">Internet Explorer<\/span> : Outils -&gt; Options Internet -&gt; Confidentialit\u00e9 -&gt; Param\u00e8tres Pour plus d\u2019information, consultez l\u2019aide de Microsoft ou l\u2019Aide du navigateur.<span class=\"Apple-converted-space\">\u00a0<\/span><\/p>\n<p class=\"p6\"><span class=\"s1\">\u2022 <\/span><span style=\"text-decoration: underline;\">Firefox<\/span> : Outils -&gt; Options -&gt; Confidentialit\u00e9 -&gt; Historique -&gt; Configuration personnalis\u00e9e Pour plus d\u2019information, consultez l\u2019aide de Mozilla ou l\u2019Aide du navigateur.<span class=\"Apple-converted-space\">\u00a0<\/span><\/p>\n<p class=\"p6\"><span class=\"s1\">\u2022 <\/span><span style=\"text-decoration: underline;\">Chrome<\/span> : Configuration -&gt; Afficher les options avanc\u00e9es -&gt; Confidentialit\u00e9 -&gt; Configuration du contenu Pour plus d\u2019information, consultez l\u2019aide de Google ou l\u2019Aide du navigateur.<span class=\"Apple-converted-space\">\u00a0<\/span><\/p>\n<p class=\"p1\"><span class=\"s1\">\u2022 <\/span><span style=\"text-decoration: underline;\">Safari<\/span> : Pr\u00e9f\u00e9rences -&gt; S\u00e9curit\u00e9 Pour plus d\u2019information, consultez l\u2019aide d\u2019Apple ou l\u2019Aide du navigateur.<span class=\"Apple-converted-space\">\u00a0<\/span><\/p>\n<p class=\"p1\">Si vous avez accept\u00e9 le t\u00e9l\u00e9chargement des cookies de Google Analytics, vous pouvez \u00e9galement r\u00e9voquer cette acceptation \u00e0 tout moment via le \u00ab Compl\u00e9ment d\u2019inhabilitation pour navigateurs de Google Analytics \u00bb, en acc\u00e9dant au site Web suivant et en suivant les instructions ci-apr\u00e8s :<span class=\"Apple-converted-space\">\u00a0<\/span><\/p>\n<p class=\"p1\">https:\/\/tools.google.com\/dlpage\/gaoptout?hl=es<span class=\"Apple-converted-space\">\u00a0<\/span><\/p>\n<p>\u00a0[\/vc_column_text][\/vc_column][\/vc_row]\n","protected":false},"excerpt":{"rendered":"<p>[vc_row type=\u00a0\u00bbin_container\u00a0\u00bb full_screen_row_position=\u00a0\u00bbmiddle\u00a0\u00bb column_margin=\u00a0\u00bbdefault\u00a0\u00bb column_direction=\u00a0\u00bbdefault\u00a0\u00bb column_direction_tablet=\u00a0\u00bbdefault\u00a0\u00bb column_direction_phone=\u00a0\u00bbdefault\u00a0\u00bb scene_position=\u00a0\u00bbcenter\u00a0\u00bb top_padding=\u00a0\u00bb50&Prime; bottom_padding=\u00a0\u00bb50&Prime; text_color=\u00a0\u00bbdark\u00a0\u00bb text_align=\u00a0\u00bbleft\u00a0\u00bb row_border_radius=\u00a0\u00bbnone\u00a0\u00bb row_border_radius_applies=\u00a0\u00bbbg\u00a0\u00bb overlay_strength=\u00a0\u00bb0.3&Prime; gradient_direction=\u00a0\u00bbleft_to_right\u00a0\u00bb shape_divider_position=\u00a0\u00bbbottom\u00a0\u00bb bg_image_animation=\u00a0\u00bbnone\u00a0\u00bb shape_type=\u00a0\u00bb\u00a0\u00bb][vc_column column_padding=\u00a0\u00bbno-extra-padding\u00a0\u00bb column_padding_tablet=\u00a0\u00bbinherit\u00a0\u00bb column_padding_phone=\u00a0\u00bbinherit\u00a0\u00bb column_padding_position=\u00a0\u00bball\u00a0\u00bb column_element_spacing=\u00a0\u00bbdefault\u00a0\u00bb background_color_opacity=\u00a0\u00bb1&Prime; background_hover_color_opacity=\u00a0\u00bb1&Prime; column_shadow=\u00a0\u00bbnone\u00a0\u00bb column_border_radius=\u00a0\u00bbnone\u00a0\u00bb column_link_target=\u00a0\u00bb_self\u00a0\u00bb gradient_direction=\u00a0\u00bbleft_to_right\u00a0\u00bb&#8230;<\/p>\n","protected":false},"author":1,"featured_media":0,"parent":0,"menu_order":0,"comment_status":"closed","ping_status":"closed","template":"","meta":{"content-type":"","rs_blank_template":"","rs_page_bg_color":"","slide_template_v7":"","footnotes":""},"class_list":["post-4027","page","type-page","status-publish"],"_links":{"self":[{"href":"https:\/\/magon.es\/fr\/wp-json\/wp\/v2\/pages\/4027","targetHints":{"allow":["GET"]}}],"collection":[{"href":"https:\/\/magon.es\/fr\/wp-json\/wp\/v2\/pages"}],"about":[{"href":"https:\/\/magon.es\/fr\/wp-json\/wp\/v2\/types\/page"}],"author":[{"embeddable":true,"href":"https:\/\/magon.es\/fr\/wp-json\/wp\/v2\/users\/1"}],"replies":[{"embeddable":true,"href":"https:\/\/magon.es\/fr\/wp-json\/wp\/v2\/comments?post=4027"}],"version-history":[{"count":0,"href":"https:\/\/magon.es\/fr\/wp-json\/wp\/v2\/pages\/4027\/revisions"}],"wp:attachment":[{"href":"https:\/\/magon.es\/fr\/wp-json\/wp\/v2\/media?parent=4027"}],"curies":[{"name":"wp","href":"https:\/\/api.w.org\/{rel}","templated":true}]}}