{"id":4334,"date":"2019-10-15T15:39:09","date_gmt":"2019-10-15T13:39:09","guid":{"rendered":"https:\/\/magon.es\/politica-privacidad\/"},"modified":"2022-04-05T14:11:08","modified_gmt":"2022-04-05T12:11:08","slug":"politique-de-confidentialite","status":"publish","type":"page","link":"https:\/\/magon.es\/fr\/politique-de-confidentialite\/","title":{"rendered":"Politique de confidentialit\u00e9"},"content":{"rendered":"[vc_row type=\u00a0\u00bbin_container\u00a0\u00bb full_screen_row_position=\u00a0\u00bbmiddle\u00a0\u00bb column_margin=\u00a0\u00bbdefault\u00a0\u00bb column_direction=\u00a0\u00bbdefault\u00a0\u00bb column_direction_tablet=\u00a0\u00bbdefault\u00a0\u00bb column_direction_phone=\u00a0\u00bbdefault\u00a0\u00bb scene_position=\u00a0\u00bbcenter\u00a0\u00bb top_padding=\u00a0\u00bb50&Prime; bottom_padding=\u00a0\u00bb50&Prime; text_color=\u00a0\u00bbdark\u00a0\u00bb text_align=\u00a0\u00bbleft\u00a0\u00bb row_border_radius=\u00a0\u00bbnone\u00a0\u00bb row_border_radius_applies=\u00a0\u00bbbg\u00a0\u00bb overlay_strength=\u00a0\u00bb0.3&Prime; gradient_direction=\u00a0\u00bbleft_to_right\u00a0\u00bb shape_divider_position=\u00a0\u00bbbottom\u00a0\u00bb bg_image_animation=\u00a0\u00bbnone\u00a0\u00bb shape_type=\u00a0\u00bb\u00a0\u00bb][vc_column column_padding=\u00a0\u00bbno-extra-padding\u00a0\u00bb column_padding_tablet=\u00a0\u00bbinherit\u00a0\u00bb column_padding_phone=\u00a0\u00bbinherit\u00a0\u00bb column_padding_position=\u00a0\u00bball\u00a0\u00bb column_element_spacing=\u00a0\u00bbdefault\u00a0\u00bb background_color_opacity=\u00a0\u00bb1&Prime; background_hover_color_opacity=\u00a0\u00bb1&Prime; column_shadow=\u00a0\u00bbnone\u00a0\u00bb column_border_radius=\u00a0\u00bbnone\u00a0\u00bb column_link_target=\u00a0\u00bb_self\u00a0\u00bb gradient_direction=\u00a0\u00bbleft_to_right\u00a0\u00bb overlay_strength=\u00a0\u00bb0.3&Prime; width=\u00a0\u00bb1\/1&Prime; tablet_width_inherit=\u00a0\u00bbdefault\u00a0\u00bb tablet_text_alignment=\u00a0\u00bbdefault\u00a0\u00bb phone_text_alignment=\u00a0\u00bbdefault\u00a0\u00bb bg_image_animation=\u00a0\u00bbnone\u00a0\u00bb border_type=\u00a0\u00bbsimple\u00a0\u00bb column_border_width=\u00a0\u00bbnone\u00a0\u00bb column_border_style=\u00a0\u00bbsolid\u00a0\u00bb][vc_column_text]\n<h2>Politique de confidentialit\u00e9<\/h2>\n<p class=\"p2\"><strong><span class=\"s1\"><span class=\"Apple-converted-space\">\u00a0<\/span><\/span>POLITIQUE DE CONFIDENTIALIT\u00c9 ET DE PROTECTION DES DONN\u00c9ES<span class=\"Apple-converted-space\">\u00a0<\/span><\/strong><\/p>\n<p class=\"p2\">En application du R\u00e8glement (UE) 2016\/679 du Parlement europ\u00e9en et du Conseil, du 27 avril 2016, relatif \u00e0 la protection des personnes physiques concernant le traitement de donn\u00e9es \u00e0 caract\u00e8re personnel, abrogeant la directive 95\/46\/CE (ci-apr\u00e8s RGPD), de la loi 34\/2002, du 11 juillet, sur les services de la soci\u00e9t\u00e9 de l\u2019information et du commerce \u00e9lectronique (ci-apr\u00e8s LSSI-CE), et de la loi organique 3\/2018 sur la protection des donn\u00e9es personnelles et la garantie des droits num\u00e9riques, MAG\u00d3N S.A garantit la protection et la confidentialit\u00e9 des donn\u00e9es \u00e0 caract\u00e8re personnel de tout type, fournies par nos clients, conform\u00e9ment aux dispositions du R\u00e8glement g\u00e9n\u00e9ral sur la protection des donn\u00e9es \u00e0 caract\u00e8re personnel.<span class=\"Apple-converted-space\">\u00a0<\/span><\/p>\n<p class=\"p2\">La Politique de protection des donn\u00e9es de MAG\u00d3N S.A repose sur le principe de responsabilit\u00e9 proactive, selon lequel le Responsable du traitement est responsable du respect du cadre normatif et jurisprudentiel, pouvant le d\u00e9montrer devant les autorit\u00e9s de contr\u00f4le correspondantes.<span class=\"Apple-converted-space\">\u00a0<\/span><\/p>\n<p class=\"p2\">Les donn\u00e9es fournies seront trait\u00e9es selon les termes pr\u00e9vus par le RGPD. \u00c0 cet \u00e9gard, MAG\u00d3N S.A a adopt\u00e9 les niveaux de protection exig\u00e9s par la l\u00e9gislation, et elle a mis en place toutes les mesures techniques possibles pour \u00e9viter la perte, l\u2019utilisation inappropri\u00e9e, la modification, l\u2019acc\u00e8s non autoris\u00e9 par des tiers, comme expos\u00e9 ci-apr\u00e8s. Cependant, l\u2019utilisateur doit \u00eatre conscient du fait que les mesures de s\u00e9curit\u00e9 sur Internet ne sont pas inexpugnables.<span class=\"Apple-converted-space\">\u00a0<\/span><\/p>\n<p class=\"p2\"><b>Responsable du traitement : Qui sommes-nous ?<span class=\"Apple-converted-space\">\u00a0<\/span><\/b><\/p>\n<p class=\"p2\">Nom du titulaire : MAGON, S.A.<span class=\"Apple-converted-space\">\u00a0<\/span><\/p>\n<p class=\"p2\">Si\u00e8ge social : C\/ Persiles y Segismunda, s\/n, 45221 Esquivias, Toledo (Espagne).<span class=\"Apple-converted-space\">\u00a0<\/span><\/p>\n<p class=\"p2\">C.I.F. : A45052446<span class=\"Apple-converted-space\">\u00a0<\/span><\/p>\n<p class=\"p2\">T\u00e9l\u00e9phone : (+34) 925520035<span class=\"Apple-converted-space\">\u00a0<\/span><\/p>\n<p class=\"p2\">E-mail :<span class=\"Apple-converted-space\">\u00a0<\/span><\/p>\n<p class=\"p2\">magonaceros@magon.es<span class=\"Apple-converted-space\">\u00a0<\/span><\/p>\n<p class=\"p2\">Nom du titulaire : MASTER PANEL SL<span class=\"Apple-converted-space\">\u00a0<\/span><\/p>\n<p class=\"p2\">Si\u00e8ge social : C\u00b0 de Toledo S\/N P.I de la C\u00e1rdena, 45221 Esquivias, Toledo (Espagne)<span class=\"Apple-converted-space\">\u00a0<\/span><\/p>\n<p class=\"p2\">C.I.F. : B45603867<span class=\"Apple-converted-space\">\u00a0<\/span><\/p>\n<p class=\"p2\">T\u00e9l\u00e9phone : (+34) 925519926<span class=\"Apple-converted-space\">\u00a0<\/span><\/p>\n<p class=\"p2\">Adresse \u00e9lectronique :<a href=\"mailto:masterpanel@magon.es\"> masterpanel@magon.es<span class=\"Apple-converted-space\">\u00a0<\/span><\/a><\/p>\n<p class=\"p1\"><b>Finalit\u00e9 du traitement : Dans quel but utiliserons-nous vos donn\u00e9es ?<span class=\"Apple-converted-space\">\u00a0<\/span><\/b><\/p>\n<p class=\"p1\">Toutes les donn\u00e9es fournies par nos clients et\/ou nos visiteurs sur le site Web de MAG\u00d3N S.A ou \u00e0 son personnel seront inclues dans un registre d\u2019activit\u00e9s de traitement des donn\u00e9es \u00e0 caract\u00e8re personnel, cr\u00e9\u00e9 et conserv\u00e9 sous la responsabilit\u00e9 de MAG\u00d3N S.A, ces donn\u00e9es \u00e9tant indispensable pour fournir les services demand\u00e9s par les utilisateurs ou pour r\u00e9pondre \u00e0 des doutes ou des questions de nos visiteurs. Notre politique consiste \u00e0 ne pas \u00e9tablir le profil des utilisateurs de nos services.<span class=\"Apple-converted-space\">\u00a0<\/span><\/p>\n<p class=\"p1\"><b>L\u00e9gitimit\u00e9 du traitement ? Pourquoi avons-nous besoin de vos donn\u00e9es ?<span class=\"Apple-converted-space\">\u00a0<\/span><\/b><\/p>\n<p class=\"p1\">1. a) Relation contractuelle : Elle s\u2019applique lors de l\u2019achat de l\u2019un de nos produits ou lors de la souscription de nos services.<span class=\"Apple-converted-space\">\u00a0<\/span><\/p>\n<p class=\"p1\">b) Int\u00e9r\u00eat l\u00e9gitime : Pour r\u00e9pondre aux consultations et r\u00e9clamations et pour g\u00e9rer le recouvrement des sommes dues.<span class=\"Apple-converted-space\">\u00a0<\/span><\/p>\n<p class=\"p1\">c) Votre consentement : Si vous utilisez notre site Web, en cochant la case qui figure sur le formulaire de contact, vous nous autorisez \u00e0 vous envoyer les communications n\u00e9cessaires pour r\u00e9pondre \u00e0 votre consultation ou \u00e0 votre demande d\u2019information.<span class=\"Apple-converted-space\">\u00a0<\/span><\/p>\n<p class=\"p1\">Destinataires : Avec qui partageons-nous vos donn\u00e9es ?<span class=\"Apple-converted-space\">\u00a0<\/span><\/p>\n<p class=\"p1\">Nous ne c\u00e9dons vos donn\u00e9es personnelles \u00e0 personne, \u00e0 l\u2019exception des entit\u00e9s publiques ou priv\u00e9es auxquelles nous sommes tenus de fournir vos donn\u00e9es personnelles dans le cadre de l\u2019application d\u2019une loi. Par exemple, le Code de imp\u00f4ts oblige \u00e0 fournir \u00e0 l\u2019Administration fiscale certaines informations sur les op\u00e9rations financi\u00e8res qui d\u00e9passent un montant sp\u00e9cifique.<span class=\"Apple-converted-space\">\u00a0<\/span><\/p>\n<p class=\"p1\">Ind\u00e9pendamment des situations mentionn\u00e9es, si nous avons besoin de communiquer vos informations personnelles \u00e0 d\u2019autres entit\u00e9s, nous vous demanderons votre autorisation au pr\u00e9alable, au moyen d\u2019options claires afin de vous permettre de prendre une d\u00e9cision.<span class=\"Apple-converted-space\">\u00a0<\/span><\/p>\n<p class=\"p1\"><b>Communication : O\u00f9 pourrions-nous envoyer vos donn\u00e9es ?<span class=\"Apple-converted-space\">\u00a0<\/span><\/b><\/p>\n<p class=\"p1\">Nous n\u2019effectuerons aucun transfert international de vos donn\u00e9es personnelles pour aucune des finalit\u00e9s indiqu\u00e9es.<span class=\"Apple-converted-space\">\u00a0<\/span><\/p>\n<p class=\"p1\"><b>Conservation : Combien de temps conserverons-nous vos donn\u00e9es ?<span class=\"Apple-converted-space\">\u00a0<\/span><\/b><\/p>\n<p class=\"p1\">Nous conserverons vos donn\u00e9es personnelles uniquement pendant la dur\u00e9e n\u00e9cessaire pour parvenir aux fins pour lesquelles elles ont \u00e9t\u00e9 collect\u00e9es. Lors de la d\u00e9termination de la p\u00e9riode ad\u00e9quate de conservation, nous examinons les risques que pr\u00e9sente le traitement, ainsi que nos obligations contractuelles, l\u00e9gales et normatives, les politiques internes de conservation des donn\u00e9es et nos int\u00e9r\u00eats l\u00e9gitimes en mati\u00e8re d\u2019activit\u00e9 d\u00e9crits dans la pr\u00e9sente Politique de confidentialit\u00e9 et dans la Politique de cookies.<span class=\"Apple-converted-space\">\u00a0<\/span><\/p>\n<p class=\"p1\">\u00c0 cet \u00e9gard, \u00e0 la fin de sa relation avec vous, MAG\u00d3N S.A maintiendra les donn\u00e9es personnelles d\u00fbment bloqu\u00e9es pendant le d\u00e9lai de prescription des actions susceptibles de d\u00e9couler d\u2019une relation avec l\u2019int\u00e9ress\u00e9.<span class=\"Apple-converted-space\">\u00a0<\/span><\/p>\n<p class=\"p1\">Une fois bloqu\u00e9es, vos donn\u00e9es seront inaccessibles pour MAG\u00d3N S.A et elles ne seront pas trait\u00e9es, sauf pour leur mise \u00e0 disposition des Administrations publiques, Juges et Tribunaux, pour la question des \u00e9ventuelles responsabilit\u00e9s issues des traitements, ainsi que pour l\u2019exercice et la d\u00e9fense de r\u00e9clamations devant l\u2019Agence espagnole de protection des donn\u00e9es.<span class=\"Apple-converted-space\">\u00a0<\/span><\/p>\n<p class=\"p1\"><b>S\u00e9curit\u00e9 : Comment allons-nous prot\u00e9ger vos donn\u00e9es ?<span class=\"Apple-converted-space\">\u00a0<\/span><\/b><\/p>\n<p class=\"p1\">Nous d\u00e9ployons tous les efforts raisonnables pour maintenir la confidentialit\u00e9 des informations personnelles trait\u00e9es dans nos syst\u00e8mes. Nous maintenons des niveaux stricts de s\u00e9curit\u00e9 pour prot\u00e9ger les donn\u00e9es \u00e0 caract\u00e8re personnel que nous traitons face aux pertes fortuites et aux acc\u00e8s, traitements et divulgations non autoris\u00e9s, compte tenu de l\u2019\u00e9tat de la technologie, de la nature et des risques auxquels sont expos\u00e9es les donn\u00e9es. Cependant, nous ne pouvons pas \u00eatre tenus responsables de l\u2019utilisation que vous faites des donn\u00e9es (y compris vos identifiants) que vous utilisez sur notre site Web. Notre personnel respecte des normes strictes de confidentialit\u00e9, et si nous travaillons avec des tiers pour fournir des services de support, nous exigeons d\u2019eux qu\u2019ils appliquent les m\u00eames normes et qu\u2019ils nous permettent de les auditer afin de nous assurer de leur conformit\u00e9.<span class=\"Apple-converted-space\">\u00a0<\/span><\/p>\n<p class=\"p1\">Vos droits : Quels droits pouvez-vous exercer en tant qu\u2019int\u00e9ress\u00e9 ?<span class=\"Apple-converted-space\">\u00a0<\/span><\/p>\n<p class=\"p1\">Nous vous informons que vous pourrez exercer les droits suivants :<span class=\"Apple-converted-space\">\u00a0<\/span><\/p>\n<p class=\"p2\">1. a) Droit d\u2019acc\u00e8s \u00e0 vos donn\u00e9es personnelles, pour savoir quelles donn\u00e9es font l\u2019objet d\u2019un traitement et conna\u00eetre les op\u00e9rations de traitement effectu\u00e9es ;<span class=\"Apple-converted-space\">\u00a0<\/span><\/p>\n<p class=\"p2\">2. b) Droit de rectification de toute donn\u00e9e personnelle erron\u00e9e ;<span class=\"Apple-converted-space\">\u00a0<\/span><\/p>\n<p class=\"p2\">3. c) Droit de suppression de vos donn\u00e9es personnelles, lorsque c\u2019est possible (par exemple, pour un imp\u00e9ratif l\u00e9gal) ;<span class=\"Apple-converted-space\">\u00a0<\/span><\/p>\n<p class=\"p2\">4. d) Droit de limitation du traitement de vos donn\u00e9es personnelles lorsque l\u2019exactitude, la l\u00e9galit\u00e9 ou la n\u00e9cessite du traitement des donn\u00e9es sont suspectes, auquel cas nous pourrons les conserver pour l\u2019exercice et la d\u00e9fense de r\u00e9clamations ;<span class=\"Apple-converted-space\">\u00a0<\/span><\/p>\n<p class=\"p2\">5. e) Droit d\u2019opposition au traitement de vos donn\u00e9es personnelles, lorsque la base l\u00e9gale qui nous autorise \u00e0 les traiter est notre int\u00e9r\u00eat l\u00e9gitime. MAG\u00d3N S.A cessera de traiter vos donn\u00e9es, sauf si elle a un int\u00e9r\u00eat l\u00e9gitime ou si n\u00e9cessaire pour la d\u00e9fense de r\u00e9clamations ;<span class=\"Apple-converted-space\">\u00a0<\/span><\/p>\n<p class=\"p2\">6. f) Droit \u00e0 la portabilit\u00e9 de vos donn\u00e9es, lorsque la base l\u00e9gale qui nous autorise \u00e0 les traiter est l\u2019existence d\u2019une relation contractuelle ou votre consentement ;<span class=\"Apple-converted-space\">\u00a0<\/span><\/p>\n<p class=\"p1\">7. g) Droit \u00e0 r\u00e9voquer le consentement accord\u00e9 \u00e0 MAG\u00d3N S.A.<span class=\"Apple-converted-space\">\u00a0<\/span><\/p>\n<p class=\"p1\">Vous pouvez exercer vos droits gratuitement et \u00e0 tout moment, en nous contactant \u00e0 l\u2019adresse suivante : C\/ Persiles y Segismunda, s\/n, 45221 Esquivias, Toledo (Espagne), en joignant dans les deux cas la copie de votre carte d\u2019identit\u00e9.<span class=\"Apple-converted-space\">\u00a0<\/span><\/p>\n<p class=\"p1\"><b>Protection des droits : O\u00f9 d\u00e9poser une r\u00e9clamation ?<span class=\"Apple-converted-space\">\u00a0<\/span><\/b><\/p>\n<p class=\"p1\">Si vous pensez que vos droits n\u2019ont pas \u00e9t\u00e9 respect\u00e9s par notre entit\u00e9, vous pouvez d\u00e9poser une r\u00e9clamation aupr\u00e8s de l\u2019Agence espagnole de protection des donn\u00e9es, via l\u2019un des moyens suivants :<span class=\"Apple-converted-space\">\u00a0<\/span><\/p>\n<p class=\"p1\">\u2013 Site Web : <a href=\"https:\/\/www.aepd.es\" target=\"_blank\" rel=\"noopener\">https:\/\/www.aepd.es<span class=\"Apple-converted-space\">\u00a0<\/span><\/a><\/p>\n<p class=\"p1\">\u2013 Courrier postal : Agencia Espa\u00f1ola de Protecci\u00f3n de Datos (Agence espagnole de protection des donn\u00e9es), C\/ Jorge Juan, 6, 28001, Madrid (Espagne)<\/p>\n<p class=\"p1\">\u2013T\u00e9l\u00e9phone : (+34) 901.100.099 et (+34) 912.663.517<span class=\"Apple-converted-space\">\u00a0<\/span><\/p>\n<p class=\"p1\">Le d\u00e9p\u00f4t d\u2019une r\u00e9clamation aupr\u00e8s de l\u2019Agence espagnole de protection des donn\u00e9es est gratuit et vous n\u2019avez pas besoin de l\u2019assistance d\u2019un avocat.<span class=\"Apple-converted-space\">\u00a0<\/span><\/p>\n<p class=\"p1\"><b>Mises \u00e0 jour : Quels changements peuvent \u00eatre apport\u00e9s \u00e0 la pr\u00e9sente Politique de confidentialit\u00e9 ?<span class=\"Apple-converted-space\">\u00a0<\/span><\/b><\/p>\n<p class=\"p1\">MAG\u00d3N S.A se r\u00e9serve le droit de modifier la pr\u00e9sente politique afin de l\u2019adapter aux nouveaut\u00e9s l\u00e9gislatives et jurisprudentielles susceptibles d\u2019affecter son ex\u00e9cution.<span class=\"Apple-converted-space\">\u00a0<\/span><\/p>\n[\/vc_column_text][\/vc_column][\/vc_row]\n","protected":false},"excerpt":{"rendered":"<p>[vc_row type=\u00a0\u00bbin_container\u00a0\u00bb full_screen_row_position=\u00a0\u00bbmiddle\u00a0\u00bb column_margin=\u00a0\u00bbdefault\u00a0\u00bb column_direction=\u00a0\u00bbdefault\u00a0\u00bb column_direction_tablet=\u00a0\u00bbdefault\u00a0\u00bb column_direction_phone=\u00a0\u00bbdefault\u00a0\u00bb scene_position=\u00a0\u00bbcenter\u00a0\u00bb top_padding=\u00a0\u00bb50&Prime; bottom_padding=\u00a0\u00bb50&Prime; text_color=\u00a0\u00bbdark\u00a0\u00bb text_align=\u00a0\u00bbleft\u00a0\u00bb row_border_radius=\u00a0\u00bbnone\u00a0\u00bb row_border_radius_applies=\u00a0\u00bbbg\u00a0\u00bb overlay_strength=\u00a0\u00bb0.3&Prime; gradient_direction=\u00a0\u00bbleft_to_right\u00a0\u00bb shape_divider_position=\u00a0\u00bbbottom\u00a0\u00bb bg_image_animation=\u00a0\u00bbnone\u00a0\u00bb shape_type=\u00a0\u00bb\u00a0\u00bb][vc_column column_padding=\u00a0\u00bbno-extra-padding\u00a0\u00bb column_padding_tablet=\u00a0\u00bbinherit\u00a0\u00bb column_padding_phone=\u00a0\u00bbinherit\u00a0\u00bb column_padding_position=\u00a0\u00bball\u00a0\u00bb column_element_spacing=\u00a0\u00bbdefault\u00a0\u00bb background_color_opacity=\u00a0\u00bb1&Prime; background_hover_color_opacity=\u00a0\u00bb1&Prime; column_shadow=\u00a0\u00bbnone\u00a0\u00bb column_border_radius=\u00a0\u00bbnone\u00a0\u00bb column_link_target=\u00a0\u00bb_self\u00a0\u00bb gradient_direction=\u00a0\u00bbleft_to_right\u00a0\u00bb&#8230;<\/p>\n","protected":false},"author":1,"featured_media":0,"parent":0,"menu_order":0,"comment_status":"closed","ping_status":"open","template":"","meta":{"content-type":"","rs_blank_template":"","rs_page_bg_color":"","slide_template_v7":"","footnotes":""},"class_list":["post-4334","page","type-page","status-publish"],"_links":{"self":[{"href":"https:\/\/magon.es\/fr\/wp-json\/wp\/v2\/pages\/4334","targetHints":{"allow":["GET"]}}],"collection":[{"href":"https:\/\/magon.es\/fr\/wp-json\/wp\/v2\/pages"}],"about":[{"href":"https:\/\/magon.es\/fr\/wp-json\/wp\/v2\/types\/page"}],"author":[{"embeddable":true,"href":"https:\/\/magon.es\/fr\/wp-json\/wp\/v2\/users\/1"}],"replies":[{"embeddable":true,"href":"https:\/\/magon.es\/fr\/wp-json\/wp\/v2\/comments?post=4334"}],"version-history":[{"count":0,"href":"https:\/\/magon.es\/fr\/wp-json\/wp\/v2\/pages\/4334\/revisions"}],"wp:attachment":[{"href":"https:\/\/magon.es\/fr\/wp-json\/wp\/v2\/media?parent=4334"}],"curies":[{"name":"wp","href":"https:\/\/api.w.org\/{rel}","templated":true}]}}